{"id":1891,"date":"2019-11-20T18:07:47","date_gmt":"2019-11-20T17:07:47","guid":{"rendered":"http:\/\/brodasbros.com.mialias.net\/politica-de-cookies\/"},"modified":"2019-11-25T18:26:03","modified_gmt":"2019-11-25T17:26:03","slug":"politica-de-cookies","status":"publish","type":"page","link":"https:\/\/www.brodasbros.com\/ca\/politica-de-cookies\/","title":{"rendered":"Politica de cookies"},"content":{"rendered":"\t\t<div data-elementor-type=\"wp-page\" data-elementor-id=\"1891\" class=\"elementor elementor-1891 elementor-1258\" data-elementor-settings=\"{&quot;ha_cmc_init_switcher&quot;:&quot;no&quot;}\" data-elementor-post-type=\"page\">\n\t\t\t\t\t\t<section class=\"elementor-section elementor-top-section elementor-element elementor-element-bf8e41b elementor-section-boxed elementor-section-height-default elementor-section-height-default\" data-id=\"bf8e41b\" data-element_type=\"section\" data-settings=\"{&quot;_ha_eqh_enable&quot;:false}\">\n\t\t\t\t\t\t<div class=\"elementor-container elementor-column-gap-default\">\n\t\t\t\t\t<div class=\"elementor-column elementor-col-100 elementor-top-column elementor-element elementor-element-4bc4097\" data-id=\"4bc4097\" data-element_type=\"column\">\n\t\t\t<div class=\"elementor-widget-wrap elementor-element-populated\">\n\t\t\t\t\t\t<div class=\"elementor-element elementor-element-59491f5 elementor-widget elementor-widget-text-editor\" data-id=\"59491f5\" data-element_type=\"widget\" data-widget_type=\"text-editor.default\">\n\t\t\t\t<div class=\"elementor-widget-container\">\n\t\t\t\t\t\t\t\t\t<p><strong>POL\u00cdTICA DE COOKIES<\/strong><br \/>Utilitzem cookies pr\u00f2pies i de tercers per optimitzar la teva experi\u00e8ncia de navegaci\u00f3 i servei a la nostra p\u00e0gina web. Recorda que pots rebutjar-o canviar la seva configuraci\u00f3 seguint les instruccions que pots llegir a continuaci\u00f3, per\u00f2 tingues en compte que l&#8217;acc\u00e9s, \u00fas i, en general, la navegaci\u00f3 pel lloc web de Brodas Bros suposen el consentiment de l&#8217;usuari a la utilitzaci\u00f3 de cookies .<\/p><p><strong>(I) Qu\u00e8 s\u00f3n les galetes i per a qu\u00e8 s&#8217;utilitzen?<\/strong><\/p><p>Una galeta \u00e9s un fitxer que es descarrega al seu ordinador a l&#8217;accedir a determinades p\u00e0gines web. Les cookies permeten a una p\u00e0gina web, entre altres coses, emmagatzemar i recuperar informaci\u00f3 sobre els h\u00e0bits de navegaci\u00f3 d&#8217;un usuari o del seu equip, incloent informaci\u00f3 estad\u00edstica an\u00f2nima i, depenent de la informaci\u00f3 que continguin i de la forma en qu\u00e8 utilitzi el seu equip , es poden utilitzar per recon\u00e8ixer a l&#8217;usuari.<\/p><p><strong>(II) Tipus de galetes que fa servir Brodas Bros<\/strong><\/p><p><strong>\u2022 Galetes d&#8217;an\u00e0lisi:<\/strong> S\u00f3n aquelles que ben tractades per nosaltres o per tercers, ens permeten quantificar el nombre d&#8217;usuaris i aix\u00ed realitzar el mesurament i an\u00e0lisi estad\u00edstica de la utilitzaci\u00f3 que fan els usuaris de el servei ofert. Aix\u00ed mateix, s&#8217;emmagatzema informaci\u00f3 com l&#8217;idioma, ciutat a la qual est\u00e0 assignada l&#8217;adre\u00e7a IP des de la qual accedeixen els usuaris, freq\u00fc\u00e8ncia de les visites, temps de visita, tipus de terminal des del qual es realitza la visita i \/ o productes m\u00e9s visitats , entre d&#8217;altres. Per aix\u00f2 s&#8217;analitza la seva navegaci\u00f3 a la nostra p\u00e0gina web per tal de millorar la seva experi\u00e8ncia, aix\u00ed com l&#8217;oferta de productes o serveis que li oferim.<\/p><p><strong>\u2022 Galetes de navegaci\u00f3:<\/strong> Aquestes galetes recullen informaci\u00f3 sobre l&#8217;\u00fas que les visites fan de la web, per exemple p\u00e0gines vistes, errors de c\u00e0rrega &#8230; \u00c9s informaci\u00f3 gen\u00e8rica i an\u00f2nima, on no s&#8217;inclouen dades personals, ni es recull informaci\u00f3 que identifiqui els visitants; sent l&#8217;objectiu \u00faltim millorar el funcionament de la web.<\/p><p><strong>(III) Com administrar les cookies<\/strong><\/p><p>Recorda que a l&#8217;visitar el nostre lloc web sense modificar la configuraci\u00f3 del teu navegador, acceptes expressament l&#8217;\u00fas de les cookies en les condicions establertes en la present pol\u00edtica de cookies.<\/p><p>No obstant aix\u00f2, at\u00e8s que les galetes no s\u00f3n estrictament necess\u00e0ries per a l&#8217;\u00fas del nostre lloc web, et recordem que pots permetre, bloquejar o eliminar les cookies instal\u00b7lades en el teu equip mitjan\u00e7ant la configuraci\u00f3 de les opcions de el navegador en el vostre ordinador. En la funci\u00f3 &#8220;Ajuda&#8221; de la majoria dels navegadors s&#8217;indica com configurar el teu navegador perqu\u00e8 no accepti cookies, perqu\u00e8 et notifiqui cada vegada que rebi una nova cookie, aix\u00ed com per desactivar completament totes les galetes. A m\u00e9s, pots desactivar o eliminar dades similars utilitzats per les extensions (add-on) dels navegadors, com les &#8220;Flash Cookies&#8221;, canviant la configuraci\u00f3 d&#8217;aquestes extensions o visitant el lloc web de fabricant.<\/p>\t\t\t\t\t\t\t\t<\/div>\n\t\t\t\t<\/div>\n\t\t\t\t\t<\/div>\n\t\t<\/div>\n\t\t\t\t\t<\/div>\n\t\t<\/section>\n\t\t\t\t<\/div>\n\t\t","protected":false},"excerpt":{"rendered":"<p>POL\u00cdTICA DE COOKIESUtilitzem cookies pr\u00f2pies i de tercers per optimitzar la teva experi\u00e8ncia de navegaci\u00f3 i servei a la nostra p\u00e0gina web. Recorda que pots rebutjar-o canviar la seva configuraci\u00f3 seguint les instruccions que pots llegir a continuaci\u00f3, per\u00f2 tingues en compte que l&#8217;acc\u00e9s, \u00fas i, en general, la navegaci\u00f3 pel lloc web de Brodas [&hellip;]<\/p>\n","protected":false},"author":1,"featured_media":0,"parent":0,"menu_order":20,"comment_status":"closed","ping_status":"closed","template":"elementor_header_footer","meta":{"footnotes":""},"class_list":["post-1891","page","type-page","status-publish","hentry"],"yoast_head":"<!-- This site is optimized with the Yoast SEO plugin v26.0 - https:\/\/yoast.com\/wordpress\/plugins\/seo\/ -->\n<title>Politica de cookies - Brodas Bros<\/title>\n<meta name=\"robots\" content=\"index, follow, max-snippet:-1, max-image-preview:large, max-video-preview:-1\" \/>\n<link rel=\"canonical\" href=\"https:\/\/www.brodasbros.com\/ca\/politica-de-cookies\/\" \/>\n<meta property=\"og:locale\" content=\"ca_ES\" \/>\n<meta property=\"og:type\" content=\"article\" \/>\n<meta property=\"og:title\" content=\"Politica de cookies - Brodas Bros\" \/>\n<meta property=\"og:description\" content=\"POL\u00cdTICA DE COOKIESUtilitzem cookies pr\u00f2pies i de tercers per optimitzar la teva experi\u00e8ncia de navegaci\u00f3 i servei a la nostra p\u00e0gina web. Recorda que pots rebutjar-o canviar la seva configuraci\u00f3 seguint les instruccions que pots llegir a continuaci\u00f3, per\u00f2 tingues en compte que l&#8217;acc\u00e9s, \u00fas i, en general, la navegaci\u00f3 pel lloc web de Brodas [&hellip;]\" \/>\n<meta property=\"og:url\" content=\"https:\/\/www.brodasbros.com\/ca\/politica-de-cookies\/\" \/>\n<meta property=\"og:site_name\" content=\"Brodas Bros\" \/>\n<meta property=\"article:publisher\" content=\"https:\/\/www.facebook.com\/brodasbros\" \/>\n<meta property=\"article:modified_time\" content=\"2019-11-25T17:26:03+00:00\" \/>\n<meta property=\"og:image\" content=\"https:\/\/www.brodasbros.com\/wp-content\/uploads\/2019\/09\/brodas_logo_neon.jpg\" \/>\n\t<meta property=\"og:image:width\" content=\"1800\" \/>\n\t<meta property=\"og:image:height\" content=\"1200\" \/>\n\t<meta property=\"og:image:type\" content=\"image\/jpeg\" \/>\n<meta name=\"twitter:card\" content=\"summary_large_image\" \/>\n<meta name=\"twitter:site\" content=\"@brodasbros\" \/>\n<meta name=\"twitter:label1\" content=\"Temps estimat de lectura\" \/>\n\t<meta name=\"twitter:data1\" content=\"2 minuts\" \/>\n<script type=\"application\/ld+json\" class=\"yoast-schema-graph\">{\"@context\":\"https:\/\/schema.org\",\"@graph\":[{\"@type\":\"WebPage\",\"@id\":\"https:\/\/www.brodasbros.com\/ca\/politica-de-cookies\/\",\"url\":\"https:\/\/www.brodasbros.com\/ca\/politica-de-cookies\/\",\"name\":\"Politica de cookies - Brodas Bros\",\"isPartOf\":{\"@id\":\"https:\/\/www.brodasbros.com\/ca\/#website\"},\"datePublished\":\"2019-11-20T17:07:47+00:00\",\"dateModified\":\"2019-11-25T17:26:03+00:00\",\"breadcrumb\":{\"@id\":\"https:\/\/www.brodasbros.com\/ca\/politica-de-cookies\/#breadcrumb\"},\"inLanguage\":\"ca\",\"potentialAction\":[{\"@type\":\"ReadAction\",\"target\":[\"https:\/\/www.brodasbros.com\/ca\/politica-de-cookies\/\"]}]},{\"@type\":\"BreadcrumbList\",\"@id\":\"https:\/\/www.brodasbros.com\/ca\/politica-de-cookies\/#breadcrumb\",\"itemListElement\":[{\"@type\":\"ListItem\",\"position\":1,\"name\":\"Portada\",\"item\":\"https:\/\/www.brodasbros.com\/ca\/\"},{\"@type\":\"ListItem\",\"position\":2,\"name\":\"Politica de cookies\"}]},{\"@type\":\"WebSite\",\"@id\":\"https:\/\/www.brodasbros.com\/ca\/#website\",\"url\":\"https:\/\/www.brodasbros.com\/ca\/\",\"name\":\"Brodas Bros\",\"description\":\"\",\"publisher\":{\"@id\":\"https:\/\/www.brodasbros.com\/ca\/#organization\"},\"potentialAction\":[{\"@type\":\"SearchAction\",\"target\":{\"@type\":\"EntryPoint\",\"urlTemplate\":\"https:\/\/www.brodasbros.com\/ca\/?s={search_term_string}\"},\"query-input\":{\"@type\":\"PropertyValueSpecification\",\"valueRequired\":true,\"valueName\":\"search_term_string\"}}],\"inLanguage\":\"ca\"},{\"@type\":\"Organization\",\"@id\":\"https:\/\/www.brodasbros.com\/ca\/#organization\",\"name\":\"Brodas Bros\",\"url\":\"https:\/\/www.brodasbros.com\/ca\/\",\"logo\":{\"@type\":\"ImageObject\",\"inLanguage\":\"ca\",\"@id\":\"https:\/\/www.brodasbros.com\/ca\/#\/schema\/logo\/image\/\",\"url\":\"https:\/\/www.brodasbros.com\/wp-content\/uploads\/2019\/10\/BrodasBros-red.svg\",\"contentUrl\":\"https:\/\/www.brodasbros.com\/wp-content\/uploads\/2019\/10\/BrodasBros-red.svg\",\"width\":405,\"height\":247,\"caption\":\"Brodas Bros\"},\"image\":{\"@id\":\"https:\/\/www.brodasbros.com\/ca\/#\/schema\/logo\/image\/\"},\"sameAs\":[\"https:\/\/www.facebook.com\/brodasbros\",\"https:\/\/x.com\/brodasbros\",\"https:\/\/www.instagram.com\/brodasbros.official\/\",\"https:\/\/www.youtube.com\/user\/Brodasbros\"]}]}<\/script>\n<!-- \/ Yoast SEO plugin. -->","yoast_head_json":{"title":"Politica de cookies - Brodas Bros","robots":{"index":"index","follow":"follow","max-snippet":"max-snippet:-1","max-image-preview":"max-image-preview:large","max-video-preview":"max-video-preview:-1"},"canonical":"https:\/\/www.brodasbros.com\/ca\/politica-de-cookies\/","og_locale":"ca_ES","og_type":"article","og_title":"Politica de cookies - Brodas Bros","og_description":"POL\u00cdTICA DE COOKIESUtilitzem cookies pr\u00f2pies i de tercers per optimitzar la teva experi\u00e8ncia de navegaci\u00f3 i servei a la nostra p\u00e0gina web. Recorda que pots rebutjar-o canviar la seva configuraci\u00f3 seguint les instruccions que pots llegir a continuaci\u00f3, per\u00f2 tingues en compte que l&#8217;acc\u00e9s, \u00fas i, en general, la navegaci\u00f3 pel lloc web de Brodas [&hellip;]","og_url":"https:\/\/www.brodasbros.com\/ca\/politica-de-cookies\/","og_site_name":"Brodas Bros","article_publisher":"https:\/\/www.facebook.com\/brodasbros","article_modified_time":"2019-11-25T17:26:03+00:00","og_image":[{"width":1800,"height":1200,"url":"https:\/\/www.brodasbros.com\/wp-content\/uploads\/2019\/09\/brodas_logo_neon.jpg","type":"image\/jpeg"}],"twitter_card":"summary_large_image","twitter_site":"@brodasbros","twitter_misc":{"Temps estimat de lectura":"2 minuts"},"schema":{"@context":"https:\/\/schema.org","@graph":[{"@type":"WebPage","@id":"https:\/\/www.brodasbros.com\/ca\/politica-de-cookies\/","url":"https:\/\/www.brodasbros.com\/ca\/politica-de-cookies\/","name":"Politica de cookies - Brodas Bros","isPartOf":{"@id":"https:\/\/www.brodasbros.com\/ca\/#website"},"datePublished":"2019-11-20T17:07:47+00:00","dateModified":"2019-11-25T17:26:03+00:00","breadcrumb":{"@id":"https:\/\/www.brodasbros.com\/ca\/politica-de-cookies\/#breadcrumb"},"inLanguage":"ca","potentialAction":[{"@type":"ReadAction","target":["https:\/\/www.brodasbros.com\/ca\/politica-de-cookies\/"]}]},{"@type":"BreadcrumbList","@id":"https:\/\/www.brodasbros.com\/ca\/politica-de-cookies\/#breadcrumb","itemListElement":[{"@type":"ListItem","position":1,"name":"Portada","item":"https:\/\/www.brodasbros.com\/ca\/"},{"@type":"ListItem","position":2,"name":"Politica de cookies"}]},{"@type":"WebSite","@id":"https:\/\/www.brodasbros.com\/ca\/#website","url":"https:\/\/www.brodasbros.com\/ca\/","name":"Brodas Bros","description":"","publisher":{"@id":"https:\/\/www.brodasbros.com\/ca\/#organization"},"potentialAction":[{"@type":"SearchAction","target":{"@type":"EntryPoint","urlTemplate":"https:\/\/www.brodasbros.com\/ca\/?s={search_term_string}"},"query-input":{"@type":"PropertyValueSpecification","valueRequired":true,"valueName":"search_term_string"}}],"inLanguage":"ca"},{"@type":"Organization","@id":"https:\/\/www.brodasbros.com\/ca\/#organization","name":"Brodas Bros","url":"https:\/\/www.brodasbros.com\/ca\/","logo":{"@type":"ImageObject","inLanguage":"ca","@id":"https:\/\/www.brodasbros.com\/ca\/#\/schema\/logo\/image\/","url":"https:\/\/www.brodasbros.com\/wp-content\/uploads\/2019\/10\/BrodasBros-red.svg","contentUrl":"https:\/\/www.brodasbros.com\/wp-content\/uploads\/2019\/10\/BrodasBros-red.svg","width":405,"height":247,"caption":"Brodas Bros"},"image":{"@id":"https:\/\/www.brodasbros.com\/ca\/#\/schema\/logo\/image\/"},"sameAs":["https:\/\/www.facebook.com\/brodasbros","https:\/\/x.com\/brodasbros","https:\/\/www.instagram.com\/brodasbros.official\/","https:\/\/www.youtube.com\/user\/Brodasbros"]}]}},"_links":{"self":[{"href":"https:\/\/www.brodasbros.com\/ca\/wp-json\/wp\/v2\/pages\/1891","targetHints":{"allow":["GET"]}}],"collection":[{"href":"https:\/\/www.brodasbros.com\/ca\/wp-json\/wp\/v2\/pages"}],"about":[{"href":"https:\/\/www.brodasbros.com\/ca\/wp-json\/wp\/v2\/types\/page"}],"author":[{"embeddable":true,"href":"https:\/\/www.brodasbros.com\/ca\/wp-json\/wp\/v2\/users\/1"}],"replies":[{"embeddable":true,"href":"https:\/\/www.brodasbros.com\/ca\/wp-json\/wp\/v2\/comments?post=1891"}],"version-history":[{"count":0,"href":"https:\/\/www.brodasbros.com\/ca\/wp-json\/wp\/v2\/pages\/1891\/revisions"}],"wp:attachment":[{"href":"https:\/\/www.brodasbros.com\/ca\/wp-json\/wp\/v2\/media?parent=1891"}],"curies":[{"name":"wp","href":"https:\/\/api.w.org\/{rel}","templated":true}]}}