{"id":1976,"date":"2019-11-14T19:49:16","date_gmt":"2019-11-14T18:49:16","guid":{"rendered":"http:\/\/brodasbros.com.mialias.net\/politica-de-privacidad\/"},"modified":"2019-11-25T18:40:31","modified_gmt":"2019-11-25T17:40:31","slug":"politica-de-privacidad","status":"publish","type":"page","link":"https:\/\/www.brodasbros.com\/ca\/politica-de-privacidad\/","title":{"rendered":"Politica de privacidad"},"content":{"rendered":"\t\t<div data-elementor-type=\"wp-page\" data-elementor-id=\"1976\" class=\"elementor elementor-1976 elementor-774\" data-elementor-settings=\"{&quot;ha_cmc_init_switcher&quot;:&quot;no&quot;}\" data-elementor-post-type=\"page\">\n\t\t\t\t\t\t<section class=\"elementor-section elementor-top-section elementor-element elementor-element-816daa7 elementor-section-boxed elementor-section-height-default elementor-section-height-default\" data-id=\"816daa7\" data-element_type=\"section\" data-settings=\"{&quot;_ha_eqh_enable&quot;:false}\">\n\t\t\t\t\t\t<div class=\"elementor-container elementor-column-gap-default\">\n\t\t\t\t\t<div class=\"elementor-column elementor-col-100 elementor-top-column elementor-element elementor-element-dde38b6\" data-id=\"dde38b6\" data-element_type=\"column\">\n\t\t\t<div class=\"elementor-widget-wrap elementor-element-populated\">\n\t\t\t\t\t\t<div class=\"elementor-element elementor-element-d917890 elementor-widget elementor-widget-text-editor\" data-id=\"d917890\" data-element_type=\"widget\" data-widget_type=\"text-editor.default\">\n\t\t\t\t<div class=\"elementor-widget-container\">\n\t\t\t\t\t\t\t\t\t<p><strong>Pol\u00edtica de privacitat<\/strong><\/p><p>BRODAS BROS S.L. informa als usuaris del lloc web sobre la seva pol\u00edtica respecte de l&#8217;tractament i protecci\u00f3 de les dades de car\u00e0cter personal dels usuaris i clients que puguin ser recollides per la navegaci\u00f3 o contractaci\u00f3 de serveis a trav\u00e9s del seu lloc web.<br \/>En aquest sentit, Brodas Bros S.L. garanteix el compliment de la normativa vigent en mat\u00e8ria de protecci\u00f3 de dades personals, reflectida en la Llei Org\u00e0nica 15\/1999 de 13 de desembre, de protecci\u00f3 de dades de car\u00e0cter personal i al Reial Decret 1720\/2007, de 21 desembre, pel qual s&#8217;aprova el Reglament de Desenvolupament de la LOPD.<br \/>L&#8217;\u00fas d&#8217;aquest web implica l&#8217;acceptaci\u00f3 d&#8217;aquesta pol\u00edtica de privacitat.<\/p><p><strong>Recollida, finalitat i tractaments de dades<\/strong><br \/>BRODAS BROS S.L. t\u00e9 el deure d&#8217;informar els usuaris del seu lloc web sobre la recollida de dades de car\u00e0cter personal que es poden dur a terme, b\u00e9 sigui mitjan\u00e7ant l&#8217;enviament de correu electr\u00f2nic. En aquest sentit, BRODAS BROS S.L. ser\u00e0 considerada com a responsable de les dades demanades mitjan\u00e7ant els mitjans anteriorment descrits.<br \/>Al seu torn BRODAS BROS S.L. informa els usuaris que la finalitat de l&#8217;tractament de les dades demanades contempla: L&#8217;atenci\u00f3 de sol\u00b7licituds realitzades pels usuaris, la inclusi\u00f3 en l&#8217;agenda de contactes, la prestaci\u00f3 de serveis, la gesti\u00f3 de la relaci\u00f3 comercial i altres finalitats.<br \/>Les operacions, gestions i procediments t\u00e8cnics que es realitzin de forma automatitzada o no automatitzada i que possibilitin la recollida, l&#8217;emmagatzematge, la modificaci\u00f3, la transfer\u00e8ncia i altres accions sobre dades de car\u00e0cter personal, tenen la consideraci\u00f3 de tractament de dades personals.<br \/>Totes les dades personals, que siguin recollides a trav\u00e9s de la p\u00e0gina web de Brodas Bros S.L. i per tant tingui la consideraci\u00f3 de tractament de dades de car\u00e0cter personal, seran incorporades als fitxers declarats a l&#8217;Ag\u00e8ncia Espanyola de Protecci\u00f3 de Dades per BRODAS BROS S.L ..<\/p><p><strong>Comunicaci\u00f3 d&#8217;informaci\u00f3 a tercers<\/strong><br \/>BRODAS BROS S.L. informa als usuaris que les seves dades personals no seran cedides a terceres organitzacions, amb l&#8217;excepci\u00f3 que la cessi\u00f3 de dades aquest emparada en una obligaci\u00f3 legal o quan la prestaci\u00f3 d&#8217;un servei impliqui la necessitat d&#8217;una relaci\u00f3 contractual amb un encarregat de tractament . En aquest \u00faltim cas, nom\u00e9s es dur\u00e0 a terme la cessi\u00f3 de dades a l&#8217;tercer quan Empresa A disposi de el consentiment expr\u00e9s de l&#8217;usuari.<\/p><p><strong>Drets dels usuaris<\/strong><br \/>La Llei Org\u00e0nica 15\/1999, de 13 de desembre, de protecci\u00f3 de dades de car\u00e0cter personal concedeix a les persones interessades la possibilitat d&#8217;exercir una s\u00e8rie de drets relacionats amb el tractament de les seves dades personals.<br \/>En la mesura que les dades de l&#8217;usuari s\u00f3n objecte de tractament per part de Brodas Bros SL. Els usuaris podran exercir els drets d&#8217;acc\u00e9s, rectificaci\u00f3, cancel\u00b7laci\u00f3 i oposici\u00f3 d&#8217;acord amb el que preveu la normativa legal vigent en mat\u00e8ria de protecci\u00f3 de dades personals .<br \/>Per fer \u00fas de l&#8217;exercici d&#8217;aquests drets, l&#8217;usuari haur\u00e0 de dirigir-se mitjan\u00e7ant comunicaci\u00f3 escrita, aportant documentaci\u00f3 que acrediti la seva identitat (DNI o passaport), a la seg\u00fcent adre\u00e7a: BRODAS BROS SL, Carrer: EUGENI D&#8217;ORS 12, Codi postal: 08028 , Ciutat: Barcelona, \u200b\u200bProv\u00edncia: Barcelona o la direcci\u00f3 que sigui substitu\u00efda en el Registre General de Protecci\u00f3 de Dades. Aquesta comunicaci\u00f3 haur\u00e0 de reflectir la seg\u00fcent informaci\u00f3: Nom i cognoms de l&#8217;usuari, la petici\u00f3 de sol\u00b7licitud, el domicili i les dades acreditatius.<br \/>L&#8217;exercici de drets haur\u00e0 de ser realitzat pel propi usuari. Aix\u00f2 no obstant, podran ser executats per una persona autoritzada com a representant legal de l&#8217;autoritzat. En aquest cas, s&#8217;haur\u00e0 d&#8217;aportar la documentaci\u00f3 que acrediti aquesta representaci\u00f3 de la persona interessada.<\/p>\t\t\t\t\t\t\t\t<\/div>\n\t\t\t\t<\/div>\n\t\t\t\t\t<\/div>\n\t\t<\/div>\n\t\t\t\t\t<\/div>\n\t\t<\/section>\n\t\t\t\t<\/div>\n\t\t","protected":false},"excerpt":{"rendered":"<p>Pol\u00edtica de privacitat BRODAS BROS S.L. informa als usuaris del lloc web sobre la seva pol\u00edtica respecte de l&#8217;tractament i protecci\u00f3 de les dades de car\u00e0cter personal dels usuaris i clients que puguin ser recollides per la navegaci\u00f3 o contractaci\u00f3 de serveis a trav\u00e9s del seu lloc web.En aquest sentit, Brodas Bros S.L. garanteix el [&hellip;]<\/p>\n","protected":false},"author":1,"featured_media":0,"parent":0,"menu_order":26,"comment_status":"closed","ping_status":"closed","template":"elementor_header_footer","meta":{"footnotes":""},"class_list":["post-1976","page","type-page","status-publish","hentry"],"yoast_head":"<!-- This site is optimized with the Yoast SEO plugin v26.0 - https:\/\/yoast.com\/wordpress\/plugins\/seo\/ -->\n<title>Politica de privacidad - Brodas Bros<\/title>\n<meta name=\"robots\" content=\"index, follow, max-snippet:-1, max-image-preview:large, max-video-preview:-1\" \/>\n<link rel=\"canonical\" href=\"https:\/\/www.brodasbros.com\/ca\/politica-de-privacidad\/\" \/>\n<meta property=\"og:locale\" content=\"ca_ES\" \/>\n<meta property=\"og:type\" content=\"article\" \/>\n<meta property=\"og:title\" content=\"Politica de privacidad - Brodas Bros\" \/>\n<meta property=\"og:description\" content=\"Pol\u00edtica de privacitat BRODAS BROS S.L. informa als usuaris del lloc web sobre la seva pol\u00edtica respecte de l&#8217;tractament i protecci\u00f3 de les dades de car\u00e0cter personal dels usuaris i clients que puguin ser recollides per la navegaci\u00f3 o contractaci\u00f3 de serveis a trav\u00e9s del seu lloc web.En aquest sentit, Brodas Bros S.L. garanteix el [&hellip;]\" \/>\n<meta property=\"og:url\" content=\"https:\/\/www.brodasbros.com\/ca\/politica-de-privacidad\/\" \/>\n<meta property=\"og:site_name\" content=\"Brodas Bros\" \/>\n<meta property=\"article:publisher\" content=\"https:\/\/www.facebook.com\/brodasbros\" \/>\n<meta property=\"article:modified_time\" content=\"2019-11-25T17:40:31+00:00\" \/>\n<meta property=\"og:image\" content=\"https:\/\/www.brodasbros.com\/wp-content\/uploads\/2019\/09\/brodas_logo_neon.jpg\" \/>\n\t<meta property=\"og:image:width\" content=\"1800\" \/>\n\t<meta property=\"og:image:height\" content=\"1200\" \/>\n\t<meta property=\"og:image:type\" content=\"image\/jpeg\" \/>\n<meta name=\"twitter:card\" content=\"summary_large_image\" \/>\n<meta name=\"twitter:site\" content=\"@brodasbros\" \/>\n<meta name=\"twitter:label1\" content=\"Temps estimat de lectura\" \/>\n\t<meta name=\"twitter:data1\" content=\"3 minuts\" \/>\n<script type=\"application\/ld+json\" class=\"yoast-schema-graph\">{\"@context\":\"https:\/\/schema.org\",\"@graph\":[{\"@type\":\"WebPage\",\"@id\":\"https:\/\/www.brodasbros.com\/ca\/politica-de-privacidad\/\",\"url\":\"https:\/\/www.brodasbros.com\/ca\/politica-de-privacidad\/\",\"name\":\"Politica de privacidad - Brodas Bros\",\"isPartOf\":{\"@id\":\"https:\/\/www.brodasbros.com\/ca\/#website\"},\"datePublished\":\"2019-11-14T18:49:16+00:00\",\"dateModified\":\"2019-11-25T17:40:31+00:00\",\"breadcrumb\":{\"@id\":\"https:\/\/www.brodasbros.com\/ca\/politica-de-privacidad\/#breadcrumb\"},\"inLanguage\":\"ca\",\"potentialAction\":[{\"@type\":\"ReadAction\",\"target\":[\"https:\/\/www.brodasbros.com\/ca\/politica-de-privacidad\/\"]}]},{\"@type\":\"BreadcrumbList\",\"@id\":\"https:\/\/www.brodasbros.com\/ca\/politica-de-privacidad\/#breadcrumb\",\"itemListElement\":[{\"@type\":\"ListItem\",\"position\":1,\"name\":\"Portada\",\"item\":\"https:\/\/www.brodasbros.com\/ca\/\"},{\"@type\":\"ListItem\",\"position\":2,\"name\":\"Politica de privacidad\"}]},{\"@type\":\"WebSite\",\"@id\":\"https:\/\/www.brodasbros.com\/ca\/#website\",\"url\":\"https:\/\/www.brodasbros.com\/ca\/\",\"name\":\"Brodas Bros\",\"description\":\"\",\"publisher\":{\"@id\":\"https:\/\/www.brodasbros.com\/ca\/#organization\"},\"potentialAction\":[{\"@type\":\"SearchAction\",\"target\":{\"@type\":\"EntryPoint\",\"urlTemplate\":\"https:\/\/www.brodasbros.com\/ca\/?s={search_term_string}\"},\"query-input\":{\"@type\":\"PropertyValueSpecification\",\"valueRequired\":true,\"valueName\":\"search_term_string\"}}],\"inLanguage\":\"ca\"},{\"@type\":\"Organization\",\"@id\":\"https:\/\/www.brodasbros.com\/ca\/#organization\",\"name\":\"Brodas Bros\",\"url\":\"https:\/\/www.brodasbros.com\/ca\/\",\"logo\":{\"@type\":\"ImageObject\",\"inLanguage\":\"ca\",\"@id\":\"https:\/\/www.brodasbros.com\/ca\/#\/schema\/logo\/image\/\",\"url\":\"https:\/\/www.brodasbros.com\/wp-content\/uploads\/2019\/10\/BrodasBros-red.svg\",\"contentUrl\":\"https:\/\/www.brodasbros.com\/wp-content\/uploads\/2019\/10\/BrodasBros-red.svg\",\"width\":405,\"height\":247,\"caption\":\"Brodas Bros\"},\"image\":{\"@id\":\"https:\/\/www.brodasbros.com\/ca\/#\/schema\/logo\/image\/\"},\"sameAs\":[\"https:\/\/www.facebook.com\/brodasbros\",\"https:\/\/x.com\/brodasbros\",\"https:\/\/www.instagram.com\/brodasbros.official\/\",\"https:\/\/www.youtube.com\/user\/Brodasbros\"]}]}<\/script>\n<!-- \/ Yoast SEO plugin. -->","yoast_head_json":{"title":"Politica de privacidad - Brodas Bros","robots":{"index":"index","follow":"follow","max-snippet":"max-snippet:-1","max-image-preview":"max-image-preview:large","max-video-preview":"max-video-preview:-1"},"canonical":"https:\/\/www.brodasbros.com\/ca\/politica-de-privacidad\/","og_locale":"ca_ES","og_type":"article","og_title":"Politica de privacidad - Brodas Bros","og_description":"Pol\u00edtica de privacitat BRODAS BROS S.L. informa als usuaris del lloc web sobre la seva pol\u00edtica respecte de l&#8217;tractament i protecci\u00f3 de les dades de car\u00e0cter personal dels usuaris i clients que puguin ser recollides per la navegaci\u00f3 o contractaci\u00f3 de serveis a trav\u00e9s del seu lloc web.En aquest sentit, Brodas Bros S.L. garanteix el [&hellip;]","og_url":"https:\/\/www.brodasbros.com\/ca\/politica-de-privacidad\/","og_site_name":"Brodas Bros","article_publisher":"https:\/\/www.facebook.com\/brodasbros","article_modified_time":"2019-11-25T17:40:31+00:00","og_image":[{"width":1800,"height":1200,"url":"https:\/\/www.brodasbros.com\/wp-content\/uploads\/2019\/09\/brodas_logo_neon.jpg","type":"image\/jpeg"}],"twitter_card":"summary_large_image","twitter_site":"@brodasbros","twitter_misc":{"Temps estimat de lectura":"3 minuts"},"schema":{"@context":"https:\/\/schema.org","@graph":[{"@type":"WebPage","@id":"https:\/\/www.brodasbros.com\/ca\/politica-de-privacidad\/","url":"https:\/\/www.brodasbros.com\/ca\/politica-de-privacidad\/","name":"Politica de privacidad - Brodas Bros","isPartOf":{"@id":"https:\/\/www.brodasbros.com\/ca\/#website"},"datePublished":"2019-11-14T18:49:16+00:00","dateModified":"2019-11-25T17:40:31+00:00","breadcrumb":{"@id":"https:\/\/www.brodasbros.com\/ca\/politica-de-privacidad\/#breadcrumb"},"inLanguage":"ca","potentialAction":[{"@type":"ReadAction","target":["https:\/\/www.brodasbros.com\/ca\/politica-de-privacidad\/"]}]},{"@type":"BreadcrumbList","@id":"https:\/\/www.brodasbros.com\/ca\/politica-de-privacidad\/#breadcrumb","itemListElement":[{"@type":"ListItem","position":1,"name":"Portada","item":"https:\/\/www.brodasbros.com\/ca\/"},{"@type":"ListItem","position":2,"name":"Politica de privacidad"}]},{"@type":"WebSite","@id":"https:\/\/www.brodasbros.com\/ca\/#website","url":"https:\/\/www.brodasbros.com\/ca\/","name":"Brodas Bros","description":"","publisher":{"@id":"https:\/\/www.brodasbros.com\/ca\/#organization"},"potentialAction":[{"@type":"SearchAction","target":{"@type":"EntryPoint","urlTemplate":"https:\/\/www.brodasbros.com\/ca\/?s={search_term_string}"},"query-input":{"@type":"PropertyValueSpecification","valueRequired":true,"valueName":"search_term_string"}}],"inLanguage":"ca"},{"@type":"Organization","@id":"https:\/\/www.brodasbros.com\/ca\/#organization","name":"Brodas Bros","url":"https:\/\/www.brodasbros.com\/ca\/","logo":{"@type":"ImageObject","inLanguage":"ca","@id":"https:\/\/www.brodasbros.com\/ca\/#\/schema\/logo\/image\/","url":"https:\/\/www.brodasbros.com\/wp-content\/uploads\/2019\/10\/BrodasBros-red.svg","contentUrl":"https:\/\/www.brodasbros.com\/wp-content\/uploads\/2019\/10\/BrodasBros-red.svg","width":405,"height":247,"caption":"Brodas Bros"},"image":{"@id":"https:\/\/www.brodasbros.com\/ca\/#\/schema\/logo\/image\/"},"sameAs":["https:\/\/www.facebook.com\/brodasbros","https:\/\/x.com\/brodasbros","https:\/\/www.instagram.com\/brodasbros.official\/","https:\/\/www.youtube.com\/user\/Brodasbros"]}]}},"_links":{"self":[{"href":"https:\/\/www.brodasbros.com\/ca\/wp-json\/wp\/v2\/pages\/1976","targetHints":{"allow":["GET"]}}],"collection":[{"href":"https:\/\/www.brodasbros.com\/ca\/wp-json\/wp\/v2\/pages"}],"about":[{"href":"https:\/\/www.brodasbros.com\/ca\/wp-json\/wp\/v2\/types\/page"}],"author":[{"embeddable":true,"href":"https:\/\/www.brodasbros.com\/ca\/wp-json\/wp\/v2\/users\/1"}],"replies":[{"embeddable":true,"href":"https:\/\/www.brodasbros.com\/ca\/wp-json\/wp\/v2\/comments?post=1976"}],"version-history":[{"count":0,"href":"https:\/\/www.brodasbros.com\/ca\/wp-json\/wp\/v2\/pages\/1976\/revisions"}],"wp:attachment":[{"href":"https:\/\/www.brodasbros.com\/ca\/wp-json\/wp\/v2\/media?parent=1976"}],"curies":[{"name":"wp","href":"https:\/\/api.w.org\/{rel}","templated":true}]}}